{"id":18,"date":"2022-06-30T15:25:33","date_gmt":"2022-06-30T15:25:33","guid":{"rendered":"https:\/\/prolar.mx\/?page_id=18"},"modified":"2022-07-22T23:06:29","modified_gmt":"2022-07-22T23:06:29","slug":"nosotros","status":"publish","type":"page","link":"https:\/\/prolar.mx\/?page_id=18","title":{"rendered":"Nosotros"},"content":{"rendered":"<p>[et_pb_section fb_built=&#8221;1&#8243; _builder_version=&#8221;4.14.2&#8243; _module_preset=&#8221;default&#8221; background_image=&#8221;https:\/\/prolar.mx\/wp-content\/uploads\/2022\/07\/Depositphotos_21838453_XL-scaled.jpg&#8221; parallax=&#8221;on&#8221; parallax_method=&#8221;off&#8221; custom_padding=&#8221;||292px|||&#8221; animation_style=&#8221;fade&#8221; global_colors_info=&#8221;{}&#8221; hover_enabled=&#8221;0&#8243; sticky_enabled=&#8221;0&#8243;][et_pb_row _builder_version=&#8221;4.14.2&#8243; _module_preset=&#8221;default&#8221; background_color=&#8221;rgba(76,76,76,0.53)&#8221; transform_translate_linked=&#8221;off&#8221; custom_padding=&#8221;35px||0px|||&#8221; animation_style=&#8221;fade&#8221; global_colors_info=&#8221;{}&#8221;][et_pb_column type=&#8221;4_4&#8243; _builder_version=&#8221;4.14.2&#8243; _module_preset=&#8221;default&#8221; global_colors_info=&#8221;{}&#8221;][et_pb_text _builder_version=&#8221;4.14.2&#8243; _module_preset=&#8221;default&#8221; text_text_color=&#8221;#000000&#8243; text_letter_spacing=&#8221;11px&#8221; text_line_height=&#8221;1.9em&#8221; width=&#8221;100%&#8221; custom_padding=&#8221;0px||0px|26px|false|false&#8221; text_text_shadow_style=&#8221;preset1&#8243; global_colors_info=&#8221;{}&#8221;]<\/p>\n<h1 style=\"text-align: center;\"><span style=\"color: #ffffff;\"><strong>ALGUNOS DE NUESTROS CLIENTES<\/strong><\/span><\/h1>\n<p>[\/et_pb_text][\/et_pb_column][\/et_pb_row][et_pb_row column_structure=&#8221;1_4,1_4,1_4,1_4&#8243; _builder_version=&#8221;4.14.2&#8243; _module_preset=&#8221;default&#8221; background_color=&#8221;rgba(76,76,76,0.53)&#8221; min_height=&#8221;199.3px&#8221; animation_style=&#8221;fade&#8221; global_colors_info=&#8221;{}&#8221;][et_pb_column type=&#8221;1_4&#8243; _builder_version=&#8221;4.14.2&#8243; _module_preset=&#8221;default&#8221; global_colors_info=&#8221;{}&#8221;][et_pb_image src=&#8221;https:\/\/prolar.mx\/wp-content\/uploads\/2022\/07\/1.png&#8221; title_text=&#8221;1&#8243; _builder_version=&#8221;4.14.2&#8243; _module_preset=&#8221;default&#8221; global_colors_info=&#8221;{}&#8221;][\/et_pb_image][\/et_pb_column][et_pb_column type=&#8221;1_4&#8243; _builder_version=&#8221;4.14.2&#8243; _module_preset=&#8221;default&#8221; global_colors_info=&#8221;{}&#8221;][et_pb_image src=&#8221;https:\/\/prolar.mx\/wp-content\/uploads\/2022\/07\/2.png&#8221; title_text=&#8221;2&#8243; _builder_version=&#8221;4.14.2&#8243; _module_preset=&#8221;default&#8221; global_colors_info=&#8221;{}&#8221;][\/et_pb_image][\/et_pb_column][et_pb_column type=&#8221;1_4&#8243; _builder_version=&#8221;4.14.2&#8243; _module_preset=&#8221;default&#8221; global_colors_info=&#8221;{}&#8221;][et_pb_image src=&#8221;https:\/\/prolar.mx\/wp-content\/uploads\/2022\/07\/3.png&#8221; title_text=&#8221;3&#8243; _builder_version=&#8221;4.14.2&#8243; _module_preset=&#8221;default&#8221; global_colors_info=&#8221;{}&#8221;][\/et_pb_image][\/et_pb_column][et_pb_column type=&#8221;1_4&#8243; _builder_version=&#8221;4.14.2&#8243; _module_preset=&#8221;default&#8221; global_colors_info=&#8221;{}&#8221;][et_pb_image src=&#8221;https:\/\/prolar.mx\/wp-content\/uploads\/2022\/07\/4.png&#8221; title_text=&#8221;4&#8243; _builder_version=&#8221;4.14.2&#8243; _module_preset=&#8221;default&#8221; global_colors_info=&#8221;{}&#8221;][\/et_pb_image][\/et_pb_column][\/et_pb_row][et_pb_row _builder_version=&#8221;4.14.2&#8243; _module_preset=&#8221;default&#8221; width=&#8221;78%&#8221; max_width=&#8221;2560px&#8221; module_alignment=&#8221;center&#8221; custom_margin=&#8221;30px||30px|0px|false|false&#8221; custom_padding=&#8221;0px|0px|0px|0px|false|false&#8221; animation_style=&#8221;slide&#8221; global_colors_info=&#8221;{}&#8221;][et_pb_column type=&#8221;4_4&#8243; _builder_version=&#8221;4.14.2&#8243; _module_preset=&#8221;default&#8221; global_colors_info=&#8221;{}&#8221;][et_pb_video _builder_version=&#8221;4.14.2&#8243; _module_preset=&#8221;default&#8221; width=&#8221;50%&#8221; module_alignment=&#8221;center&#8221; custom_margin=&#8221;|||147px||&#8221; global_colors_info=&#8221;{}&#8221;][\/et_pb_video][et_pb_video src=&#8221;https:\/\/prolar.mx\/wp-content\/uploads\/2022\/07\/Secuencia-01.mp4&#8243; _builder_version=&#8221;4.14.2&#8243; _module_preset=&#8221;default&#8221; title_text=&#8221;Secuencia 01&#8243; hover_enabled=&#8221;0&#8243; sticky_enabled=&#8221;0&#8243;][\/et_pb_video][\/et_pb_column][\/et_pb_row][et_pb_row column_structure=&#8221;1_3,1_3,1_3&#8243; _builder_version=&#8221;4.14.2&#8243; _module_preset=&#8221;default&#8221; background_color=&#8221;rgba(91,91,91,0.62)&#8221; min_height=&#8221;189px&#8221; custom_padding=&#8221;||0px|0px||&#8221; animation_style=&#8221;flip&#8221; global_colors_info=&#8221;{}&#8221;][et_pb_column type=&#8221;1_3&#8243; _builder_version=&#8221;4.14.2&#8243; _module_preset=&#8221;default&#8221; global_colors_info=&#8221;{}&#8221;][et_pb_toggle title=&#8221;MISI\u00d3N&#8221; _builder_version=&#8221;4.14.2&#8243; _module_preset=&#8221;default&#8221; title_level=&#8221;h1&#8243; title_font=&#8221;Montserrat|700|||||||&#8221; animation_style=&#8221;fold&#8221; global_colors_info=&#8221;{}&#8221;]<\/p>\n<p>Fabricar y vender equipo y mobiliario m\u00e9dico que cumpla con los m\u00e1s altos est\u00e1ndares de calidad, satisfaciendo las necesidades de nuestros consumidores al contribuir en el mejoramiento de su salud y calidad de vida.<\/p>\n<p>[\/et_pb_toggle][\/et_pb_column][et_pb_column type=&#8221;1_3&#8243; _builder_version=&#8221;4.14.2&#8243; _module_preset=&#8221;default&#8221; global_colors_info=&#8221;{}&#8221;][et_pb_toggle title=&#8221;VISI\u00d3N&#8221; _builder_version=&#8221;4.14.2&#8243; _module_preset=&#8221;default&#8221; title_level=&#8221;h1&#8243; title_font=&#8221;Montserrat|700|||||||&#8221; animation_style=&#8221;fold&#8221; global_colors_info=&#8221;{}&#8221;]<\/p>\n<p>Lograr el reconocimiento como la empresa mexicana l\u00edder en los mercados globalizados de fabricaci\u00f3n de productos m\u00e9dicos en acero inoxidable mediante la innovaci\u00f3n y mejora continua de nuestros procesos, siendo la salud de las personas nuestra raz\u00f3n de ser.<\/p>\n<p>[\/et_pb_toggle][\/et_pb_column][et_pb_column type=&#8221;1_3&#8243; _builder_version=&#8221;4.14.2&#8243; _module_preset=&#8221;default&#8221; global_colors_info=&#8221;{}&#8221;][et_pb_toggle title=&#8221;VALORES&#8221; _builder_version=&#8221;4.14.2&#8243; _module_preset=&#8221;default&#8221; title_level=&#8221;h1&#8243; title_font=&#8221;Montserrat|700|||||||&#8221; animation_style=&#8221;fold&#8221; global_colors_info=&#8221;{}&#8221;]<\/p>\n<ul>\n<li>Honestidad<\/li>\n<li>Confianza<\/li>\n<li>Compromiso<\/li>\n<li>Veracidad<\/li>\n<li>Servicio<\/li>\n<\/ul>\n<p>[\/et_pb_toggle][\/et_pb_column][\/et_pb_row][\/et_pb_section]<\/p>\n","protected":false},"excerpt":{"rendered":"<p>ALGUNOS DE NUESTROS CLIENTESFabricar y vender equipo y mobiliario m\u00e9dico que cumpla con los m\u00e1s altos est\u00e1ndares de calidad, satisfaciendo las necesidades de nuestros consumidores al contribuir en el mejoramiento de su salud y calidad de vida.Lograr el reconocimiento como la empresa mexicana l\u00edder en los mercados globalizados de fabricaci\u00f3n de productos m\u00e9dicos en acero [&hellip;]<\/p>\n","protected":false},"author":1,"featured_media":0,"parent":0,"menu_order":0,"comment_status":"closed","ping_status":"closed","template":"","meta":{"_et_pb_use_builder":"on","_et_pb_old_content":"<!-- wp:divi\/placeholder \/-->","_et_gb_content_width":""},"_links":{"self":[{"href":"https:\/\/prolar.mx\/index.php?rest_route=\/wp\/v2\/pages\/18"}],"collection":[{"href":"https:\/\/prolar.mx\/index.php?rest_route=\/wp\/v2\/pages"}],"about":[{"href":"https:\/\/prolar.mx\/index.php?rest_route=\/wp\/v2\/types\/page"}],"author":[{"embeddable":true,"href":"https:\/\/prolar.mx\/index.php?rest_route=\/wp\/v2\/users\/1"}],"replies":[{"embeddable":true,"href":"https:\/\/prolar.mx\/index.php?rest_route=%2Fwp%2Fv2%2Fcomments&post=18"}],"version-history":[{"count":22,"href":"https:\/\/prolar.mx\/index.php?rest_route=\/wp\/v2\/pages\/18\/revisions"}],"predecessor-version":[{"id":377,"href":"https:\/\/prolar.mx\/index.php?rest_route=\/wp\/v2\/pages\/18\/revisions\/377"}],"wp:attachment":[{"href":"https:\/\/prolar.mx\/index.php?rest_route=%2Fwp%2Fv2%2Fmedia&parent=18"}],"curies":[{"name":"wp","href":"https:\/\/api.w.org\/{rel}","templated":true}]}}